{"id":16469,"date":"2026-03-30T12:55:22","date_gmt":"2026-03-30T12:55:22","guid":{"rendered":"https:\/\/new.hotelmaja.it\/?page_id=16469"},"modified":"2026-03-30T12:55:22","modified_gmt":"2026-03-30T12:55:22","slug":"animation-2","status":"publish","type":"page","link":"https:\/\/new.hotelmaja.it\/fr\/animation-2\/","title":{"rendered":"Animation"},"content":{"rendered":"<div class=\"wpb-content-wrapper\"><p>[vc_row full_width=&#8221;stretch_row&#8221; content_placement=&#8221;middle&#8221; css=&#8221;.vc_custom_1750405171501{margin-bottom: 30px !important;background-color: #E6E6E6 !important;}&#8221;][vc_column width=&#8221;1\/2&#8243; el_class=&#8221;milenia-color&#8211;black&#8221;]<!--================ Section Heading ================-->\n<script>\n    (function($){\n        'use strict';\n\n        if(!$) return;\n\n        $(function(){\n            if(window.appear) {\n                appear({\n                    elements: function(){\n                        return document.querySelectorAll('#vc-milenia-section-heading-8da4f81ceb51c3d9b2116f49b3ddaecd-17771111271130952977');\n                    },\n                    appear: function(element) {\n                        var $el = $(element);\n                        $el.addClass('milenia-visible').addClass($el.data('animation'));\n                    },\n                    reappear: false,\n                    bounds: -200\n                });\n            }\n        });\n    })(window.jQuery);\n<\/script>\n<div id=\"vc-milenia-section-heading-8da4f81ceb51c3d9b2116f49b3ddaecd-17771111271130952977\" class=\"milenia-section-heading text-left vc_custom_1771839888916 milenia-visible\" data-animation=\"none\">\n    \n    <h2 class=\"milenia-section-title milenia-font--first-accented\" style=\"font-size: 50px;line-height: 43px;text-transform: none;font-style: normal;font-weight: 400;\">Votre refuge de joie et de divertissement \u00e0 deux pas de la mer<\/h2>\n\n    \n<\/div>\n<!--================ End of Section Heading ================-->\n[vc_custom_heading text=&#8221;VACANCES, DIVERTISSEMENT ET SURPRISES : C&#8217;EST TOUJOURS LA F\u00caTE \u00c0 L&#8217;H\u00d4TEL CITY!<br \/>\n&#8221; font_container=&#8221;tag:div|font_size:18px|text_align:left|color:%2333879F|line_height:30px&#8221; google_fonts=&#8221;font_family:Open%20Sans%3A300%2C300italic%2Cregular%2Citalic%2C600%2C600italic%2C700%2C700italic%2C800%2C800italic|font_style:700%20bold%20regular%3A700%3Anormal&#8221; css=&#8221;.vc_custom_1771839900361{margin-bottom: 20px !important;}&#8221;][vc_column_text css=&#8221;&#8221;]<\/p>\n<div class=\"Y3BBE\" data-sfc-cp=\"\" data-hveid=\"CAEIExAA\" data-processed=\"true\"><strong class=\"Yjhzub\">L\u2019H\u00f4tel City de Montesilvano est l&#8217;endroit id\u00e9al pour vous !<\/strong><button class=\"rBl3me\" tabindex=\"0\" data-amic=\"true\" data-icl-uuid=\"2f41f593-663d-4837-86d2-5be969c9a34a\" aria-label=\"Visualizza link correlati\" data-wiz-attrbind=\"disabled=r4PIPb_32\/C5gNJc;aria-label=r4PIPb_32\/bOjMyf;class=r4PIPb_32\/UpSNec\" data-ved=\"2ahUKEwiIpK_Lpe-SAxXxzwIHHSTqIdgQye0OegYIAQgTEAE\"><\/button><\/div>\n<div data-sfc-cp=\"\" data-hveid=\"CAEIExAA\" data-processed=\"true\"><\/div>\n<div class=\"Y3BBE\" data-sfc-cp=\"\" data-hveid=\"CAEIFBAA\" data-processed=\"true\"><strong class=\"Yjhzub\">Chez nous, chaque journ\u00e9e est un concentr\u00e9 d&#8217;\u00e9motions et de plaisir.<\/strong><br data-serialized-params=\"[]\" \/>Nous avons pens\u00e9 \u00e0 tout pour rendre vos vacances sp\u00e9ciales, avec un\u00a0<strong class=\"Yjhzub\">programme d&#8217;animation sur la plage d\u00e9bordant d&#8217;\u00e9nergie et de surprises<\/strong>.<br data-serialized-params=\"[]\" \/>Du matin au soir, laissez-vous emporter par les tournois sportifs sur le sable, les jeux de groupe, les danses de salon sous les \u00e9toiles et les activit\u00e9s pour i les plus petits, qui vivront chaque jour des aventures fantastiques entre\u00a0<strong class=\"Yjhzub\">baby dance, ateliers cr\u00e9atifs et go\u00fbters gourmands<\/strong>.<button class=\"rBl3me\" tabindex=\"0\" data-amic=\"true\" data-icl-uuid=\"268bd87e-f861-488f-addf-c4218481e2a5\" aria-label=\"Visualizza link correlati\" data-wiz-attrbind=\"disabled=r4PIPb_3b\/C5gNJc;aria-label=r4PIPb_3b\/bOjMyf;class=r4PIPb_3b\/UpSNec\" data-ved=\"2ahUKEwiIpK_Lpe-SAxXxzwIHHSTqIdgQye0OegYIAQgUEAE\"><\/button><\/div>\n<div class=\"Y3BBE\" data-sfc-cp=\"\" data-hveid=\"CAEIFRAA\" data-processed=\"true\"><strong class=\"Yjhzub\">Pr\u00e9parez-vous \u00e0 vous amuser, \u00e0 vous \u00e9mouvoir et \u00e0 d\u00e9couvrir combien il est beau de vivre la mer avec ceux qui savent faire la f\u00eate avec vous.<\/strong><button class=\"rBl3me\" tabindex=\"0\" data-amic=\"true\" data-icl-uuid=\"fb69543c-069b-4d60-8519-9480df5e8490\" aria-label=\"Visualizza link correlati\" data-wiz-attrbind=\"disabled=r4PIPb_3g\/C5gNJc;aria-label=r4PIPb_3g\/bOjMyf;class=r4PIPb_3g\/UpSNec\" data-ved=\"2ahUKEwiIpK_Lpe-SAxXxzwIHHSTqIdgQye0OegYIAQgVEAE\"><\/button><\/div>\n<p>[\/vc_column_text][\/vc_column][vc_column width=&#8221;1\/2&#8243;][vc_single_image image=&#8221;16141&#8243; img_size=&#8221;900X1200&#8243; css=&#8221;&#8221;][\/vc_column][\/vc_row][vc_row css=&#8221;.vc_custom_1742470212259{padding-top: 0px !important;padding-bottom: 30px !important;}&#8221;][vc_column][vc_empty_space height=&#8221;70px&#8221;]<!--================ Section Heading ================-->\n<script>\n    (function($){\n        'use strict';\n\n        if(!$) return;\n\n        $(function(){\n            if(window.appear) {\n                appear({\n                    elements: function(){\n                        return document.querySelectorAll('#vc-milenia-section-heading-bb384ce73403551a0f190a3e9eb8d040-1777111127609962037');\n                    },\n                    appear: function(element) {\n                        var $el = $(element);\n                        $el.addClass('milenia-visible').addClass($el.data('animation'));\n                    },\n                    reappear: false,\n                    bounds: -200\n                });\n            }\n        });\n    })(window.jQuery);\n<\/script>\n<div id=\"vc-milenia-section-heading-bb384ce73403551a0f190a3e9eb8d040-1777111127609962037\" class=\"milenia-section-heading text-center vc_custom_1771839933772 milenia-visible\" data-animation=\"none\">\n    \n    <h2 class=\"milenia-section-title milenia-font--first-accented\" style=\"font-size: 50px;line-height: 43px;text-transform: none;font-style: normal;font-weight: 400;\">\u00c0 ne pas manquer<\/h2>\n\n    \n<\/div>\n<!--================ End of Section Heading ================-->\n[vc_empty_space height=&#8221;20px&#8221;]<!--================ Info Boxes ================-->\n<script>\n    (function($){\n        'use strict';\n\n        if(!$) return;\n\n        $(function(){\n            var $container = $('#vc-milenia-info-boxes-bf9e3587b961b40a4a455cc72e0a0d0f-17771111271244253187'),\n                $dynamicBgElements,\n                $carousels;\n\n            if(!$container.length) return;\n\n            if(window.appear) {\n                appear({\n                    elements: function(){\n                        return document.querySelectorAll('#vc-milenia-info-boxes-bf9e3587b961b40a4a455cc72e0a0d0f-17771111271244253187');\n                    },\n                    appear: function(element) {\n                        var $el = $(element);\n                        $el.addClass('milenia-visible').addClass($el.data('animation'));\n                    },\n                    reappear: false,\n                    bounds: -200\n                });\n            }\n\n            if(window.Milenia && window.Milenia.LinkUnderliner) {\n                window.Milenia.LinkUnderliner.init($container.find('a'));\n            }\n\n            if(window.Milenia && window.Milenia.helpers &&  window.Milenia.helpers.dynamicBgImage) {\n                $dynamicBgElements = $container.find('[data-bg-image-src]');\n                if($dynamicBgElements.length) window.Milenia.helpers.dynamicBgImage($dynamicBgElements);\n            }\n\n            if($.fn.owlCarousel) {\n                $carousels = $container.find('.milenia-simple-slideshow--shortcode');\n\n                if($carousels.length) {\n                    if(window.Milenia && window.Milenia.helpers && window.Milenia.helpers.owlSettings) {\n\n                        $carousels.jQueryImagesLoaded().then(function(){\n                                $carousels.each(function(i,e) {\n                                    $(e).owlCarousel(window.Milenia.helpers.owlSettings({\n                                        margin: 1,\n                                        loop: true,\n                                        autoplay: $(e).hasClass('milenia-simple-slideshow--autoplay')\n                                    }));\n                                });\n                        });\n\n                    }\n                    else {\n                        $carousels.owlCarousel({\n                            items: 1\n                        });\n                    }\n                }\n            }\n        });\n    })(window.jQuery);\n<\/script>\n\n<div id=\"vc-milenia-info-boxes-bf9e3587b961b40a4a455cc72e0a0d0f-17771111271244253187\" class=\"milenia-entities milenia-entities--style-2 milenia-entities--unreverse  milenia-entities--title-reduced milenia-visible\" data-animation=\"none\">\n    <div class=\"milenia-grid milenia-grid--cols-3 milenia-grid--gutters\">\n        <!--================ Info Boxes Item ================-->\n<div class=\"milenia-grid-item\">\n    <article class=\"milenia-entity milenia-entity--scheme-primary\">\n        <div data-bg-image-src=\"\" style=\"background-image: url()\" class=\"milenia-entity-media\"><\/div>\n\n\n        <div class=\"milenia-entity-content milenia-aligner\">\n            <div class=\"milenia-aligner-outer\">\n                <div class=\"milenia-aligner-inner\">\n                    <header class=\"milenia-entity-header\">\n                        \n                        <h2 class=\"milenia-entity-title\">Baby dance<\/h2>\n\n                    <\/header>\n                    <div class=\"milenia-entity-body\"><p>Le moment pr\u00e9f\u00e9r\u00e9 des enfants, che qui peuvent se d\u00e9cha\u00eener au rythme de la musique et danser avec nos animateurs.<\/p>\n<\/div>\n\n                    \n                <\/div>\n            <\/div>\n        <\/div>\n    <\/article>\n<\/div>\n<!--================ End of Info Boxes Item ================-->\n\r\n<!--================ Info Boxes Item ================-->\n<div class=\"milenia-grid-item\">\n    <article class=\"milenia-entity milenia-entity--scheme-primary\">\n        <div data-bg-image-src=\"\" style=\"background-image: url()\" class=\"milenia-entity-media\"><\/div>\n\n\n        <div class=\"milenia-entity-content milenia-aligner\">\n            <div class=\"milenia-aligner-outer\">\n                <div class=\"milenia-aligner-inner\">\n                    <header class=\"milenia-entity-header\">\n                        \n                        <h2 class=\"milenia-entity-title\">Danses de groupe<\/h2>\n\n                    <\/header>\n                    <div class=\"milenia-entity-body\"><p>Parfaites pour ceux qui aiment bouger et s'amuser en compagnie, entre chor\u00e9graphies simples et chansons entra\u00eenantes.<\/p>\n<\/div>\n\n                    \n                <\/div>\n            <\/div>\n        <\/div>\n    <\/article>\n<\/div>\n<!--================ End of Info Boxes Item ================-->\n\r\n<!--================ Info Boxes Item ================-->\n<div class=\"milenia-grid-item\">\n    <article class=\"milenia-entity milenia-entity--scheme-primary\">\n        <div data-bg-image-src=\"\" style=\"background-image: url()\" class=\"milenia-entity-media\"><\/div>\n\n\n        <div class=\"milenia-entity-content milenia-aligner\">\n            <div class=\"milenia-aligner-outer\">\n                <div class=\"milenia-aligner-inner\">\n                    <header class=\"milenia-entity-header\">\n                        \n                        <h2 class=\"milenia-entity-title\">Tournois<\/h2>\n\n                    <\/header>\n                    <div class=\"milenia-entity-body\"><p>Entre d\u00e9fis aux cartes, beach-volley, p\u00e9tanque et autres jeux entra\u00eenants, toujours sous le signe de la convivialit\u00e9 et de la bonne humeur.<\/p>\n<\/div>\n\n                    \n                <\/div>\n            <\/div>\n        <\/div>\n    <\/article>\n<\/div>\n<!--================ End of Info Boxes Item ================-->\n\n    <\/div>\n<\/div>\n<!--================ End of Info Boxes ================-->\n[vc_empty_space height=&#8221;20px&#8221;][\/vc_column][\/vc_row]<\/p>\n<\/div>","protected":false},"excerpt":{"rendered":"<p>[vc_row full_width=&#8221;stretch_row&#8221; content_placement=&#8221;middle&#8221; css=&#8221;.vc_custom_1750405171501{margin-bottom: 30px !important;background-color: #E6E6E6 !important;}&#8221;][vc_column width=&#8221;1\/2&#8243; el_class=&#8221;milenia-color&#8211;black&#8221;][vc_custom_heading text=&#8221;VACANCES, DIVERTISSEMENT ET SURPRISES : C&#8217;EST TOUJOURS LA&#8230;<\/p>\n","protected":false},"author":2,"featured_media":0,"parent":0,"menu_order":0,"comment_status":"closed","ping_status":"closed","template":"","meta":{"footnotes":""},"class_list":["post-16469","page","type-page","status-publish","hentry"],"yoast_head":"<!-- This site is optimized with the Yoast SEO plugin v27.4 - https:\/\/yoast.com\/product\/yoast-seo-wordpress\/ -->\n<title>Hotel 4 stelle Montesilvano Pescara con animazione<\/title>\n<meta name=\"description\" content=\"H\u00f4tel 4 \u00e9toiles Montesilvano Pescara avec animation : un riche programme d&#039;animations, de jour comme de nuit, comblera vos journ\u00e9es!\" \/>\n<meta name=\"robots\" content=\"noindex, follow, max-snippet:-1, max-image-preview:large, max-video-preview:-1\" \/>\n<meta property=\"og:locale\" content=\"fr_FR\" \/>\n<meta property=\"og:type\" content=\"article\" \/>\n<meta property=\"og:title\" content=\"Hotel 4 stelle Montesilvano Pescara con animazione\" \/>\n<meta property=\"og:description\" content=\"H\u00f4tel 4 \u00e9toiles Montesilvano Pescara avec animation : un riche programme d&#039;animations, de jour comme de nuit, comblera vos journ\u00e9es!\" \/>\n<meta property=\"og:url\" content=\"https:\/\/new.hotelmaja.it\/fr\/animation-2\/\" \/>\n<meta property=\"og:site_name\" content=\"Hotel Maja\" \/>\n<meta property=\"article:publisher\" content=\"https:\/\/www.facebook.com\/HotelCityAbruzzo\" \/>\n<meta name=\"twitter:card\" content=\"summary_large_image\" \/>\n<meta name=\"twitter:label1\" content=\"Dur\u00e9e de lecture estim\u00e9e\" \/>\n\t<meta name=\"twitter:data1\" content=\"2 minutes\" \/>\n<script type=\"application\/ld+json\" class=\"yoast-schema-graph\">{\"@context\":\"https:\\\/\\\/schema.org\",\"@graph\":[{\"@type\":\"WebPage\",\"@id\":\"https:\\\/\\\/new.hotelmaja.it\\\/fr\\\/animation-2\\\/\",\"url\":\"https:\\\/\\\/new.hotelmaja.it\\\/fr\\\/animation-2\\\/\",\"name\":\"Hotel 4 stelle Montesilvano Pescara con animazione\",\"isPartOf\":{\"@id\":\"https:\\\/\\\/new.hotelmaja.it\\\/#website\"},\"datePublished\":\"2026-03-30T12:55:22+00:00\",\"description\":\"H\u00f4tel 4 \u00e9toiles Montesilvano Pescara avec animation : un riche programme d'animations, de jour comme de nuit, comblera vos journ\u00e9es!\",\"breadcrumb\":{\"@id\":\"https:\\\/\\\/new.hotelmaja.it\\\/fr\\\/animation-2\\\/#breadcrumb\"},\"inLanguage\":\"fr-FR\",\"potentialAction\":[{\"@type\":\"ReadAction\",\"target\":[\"https:\\\/\\\/new.hotelmaja.it\\\/fr\\\/animation-2\\\/\"]}]},{\"@type\":\"BreadcrumbList\",\"@id\":\"https:\\\/\\\/new.hotelmaja.it\\\/fr\\\/animation-2\\\/#breadcrumb\",\"itemListElement\":[{\"@type\":\"ListItem\",\"position\":1,\"name\":\"Home\",\"item\":\"https:\\\/\\\/new.hotelmaja.it\\\/\"},{\"@type\":\"ListItem\",\"position\":2,\"name\":\"Animation\"}]},{\"@type\":\"WebSite\",\"@id\":\"https:\\\/\\\/new.hotelmaja.it\\\/#website\",\"url\":\"https:\\\/\\\/new.hotelmaja.it\\\/\",\"name\":\"Hotel City\",\"description\":\"La Tua Vacanza in Abruzzo\",\"publisher\":{\"@id\":\"https:\\\/\\\/new.hotelmaja.it\\\/#organization\"},\"potentialAction\":[{\"@type\":\"SearchAction\",\"target\":{\"@type\":\"EntryPoint\",\"urlTemplate\":\"https:\\\/\\\/new.hotelmaja.it\\\/?s={search_term_string}\"},\"query-input\":{\"@type\":\"PropertyValueSpecification\",\"valueRequired\":true,\"valueName\":\"search_term_string\"}}],\"inLanguage\":\"fr-FR\"},{\"@type\":\"Organization\",\"@id\":\"https:\\\/\\\/new.hotelmaja.it\\\/#organization\",\"name\":\"Hotel City\",\"url\":\"https:\\\/\\\/new.hotelmaja.it\\\/\",\"logo\":{\"@type\":\"ImageObject\",\"inLanguage\":\"fr-FR\",\"@id\":\"https:\\\/\\\/new.hotelmaja.it\\\/#\\\/schema\\\/logo\\\/image\\\/\",\"url\":\"https:\\\/\\\/new.hotelmaja.it\\\/wp-content\\\/uploads\\\/2018\\\/10\\\/logocity-reviews.png\",\"contentUrl\":\"https:\\\/\\\/new.hotelmaja.it\\\/wp-content\\\/uploads\\\/2018\\\/10\\\/logocity-reviews.png\",\"width\":538,\"height\":538,\"caption\":\"Hotel City\"},\"image\":{\"@id\":\"https:\\\/\\\/new.hotelmaja.it\\\/#\\\/schema\\\/logo\\\/image\\\/\"},\"sameAs\":[\"https:\\\/\\\/www.facebook.com\\\/HotelCityAbruzzo\",\"https:\\\/\\\/www.instagram.com\\\/hotelcitymontesilvano\\\/\"]}]}<\/script>\n<!-- \/ Yoast SEO plugin. -->","yoast_head_json":{"title":"Hotel 4 stelle Montesilvano Pescara con animazione","description":"H\u00f4tel 4 \u00e9toiles Montesilvano Pescara avec animation : un riche programme d'animations, de jour comme de nuit, comblera vos journ\u00e9es!","robots":{"index":"noindex","follow":"follow","max-snippet":"max-snippet:-1","max-image-preview":"max-image-preview:large","max-video-preview":"max-video-preview:-1"},"og_locale":"fr_FR","og_type":"article","og_title":"Hotel 4 stelle Montesilvano Pescara con animazione","og_description":"H\u00f4tel 4 \u00e9toiles Montesilvano Pescara avec animation : un riche programme d'animations, de jour comme de nuit, comblera vos journ\u00e9es!","og_url":"https:\/\/new.hotelmaja.it\/fr\/animation-2\/","og_site_name":"Hotel Maja","article_publisher":"https:\/\/www.facebook.com\/HotelCityAbruzzo","twitter_card":"summary_large_image","twitter_misc":{"Dur\u00e9e de lecture estim\u00e9e":"2 minutes"},"schema":{"@context":"https:\/\/schema.org","@graph":[{"@type":"WebPage","@id":"https:\/\/new.hotelmaja.it\/fr\/animation-2\/","url":"https:\/\/new.hotelmaja.it\/fr\/animation-2\/","name":"Hotel 4 stelle Montesilvano Pescara con animazione","isPartOf":{"@id":"https:\/\/new.hotelmaja.it\/#website"},"datePublished":"2026-03-30T12:55:22+00:00","description":"H\u00f4tel 4 \u00e9toiles Montesilvano Pescara avec animation : un riche programme d'animations, de jour comme de nuit, comblera vos journ\u00e9es!","breadcrumb":{"@id":"https:\/\/new.hotelmaja.it\/fr\/animation-2\/#breadcrumb"},"inLanguage":"fr-FR","potentialAction":[{"@type":"ReadAction","target":["https:\/\/new.hotelmaja.it\/fr\/animation-2\/"]}]},{"@type":"BreadcrumbList","@id":"https:\/\/new.hotelmaja.it\/fr\/animation-2\/#breadcrumb","itemListElement":[{"@type":"ListItem","position":1,"name":"Home","item":"https:\/\/new.hotelmaja.it\/"},{"@type":"ListItem","position":2,"name":"Animation"}]},{"@type":"WebSite","@id":"https:\/\/new.hotelmaja.it\/#website","url":"https:\/\/new.hotelmaja.it\/","name":"Hotel City","description":"La Tua Vacanza in Abruzzo","publisher":{"@id":"https:\/\/new.hotelmaja.it\/#organization"},"potentialAction":[{"@type":"SearchAction","target":{"@type":"EntryPoint","urlTemplate":"https:\/\/new.hotelmaja.it\/?s={search_term_string}"},"query-input":{"@type":"PropertyValueSpecification","valueRequired":true,"valueName":"search_term_string"}}],"inLanguage":"fr-FR"},{"@type":"Organization","@id":"https:\/\/new.hotelmaja.it\/#organization","name":"Hotel City","url":"https:\/\/new.hotelmaja.it\/","logo":{"@type":"ImageObject","inLanguage":"fr-FR","@id":"https:\/\/new.hotelmaja.it\/#\/schema\/logo\/image\/","url":"https:\/\/new.hotelmaja.it\/wp-content\/uploads\/2018\/10\/logocity-reviews.png","contentUrl":"https:\/\/new.hotelmaja.it\/wp-content\/uploads\/2018\/10\/logocity-reviews.png","width":538,"height":538,"caption":"Hotel City"},"image":{"@id":"https:\/\/new.hotelmaja.it\/#\/schema\/logo\/image\/"},"sameAs":["https:\/\/www.facebook.com\/HotelCityAbruzzo","https:\/\/www.instagram.com\/hotelcitymontesilvano\/"]}]}},"_links":{"self":[{"href":"https:\/\/new.hotelmaja.it\/fr\/wp-json\/wp\/v2\/pages\/16469","targetHints":{"allow":["GET"]}}],"collection":[{"href":"https:\/\/new.hotelmaja.it\/fr\/wp-json\/wp\/v2\/pages"}],"about":[{"href":"https:\/\/new.hotelmaja.it\/fr\/wp-json\/wp\/v2\/types\/page"}],"author":[{"embeddable":true,"href":"https:\/\/new.hotelmaja.it\/fr\/wp-json\/wp\/v2\/users\/2"}],"replies":[{"embeddable":true,"href":"https:\/\/new.hotelmaja.it\/fr\/wp-json\/wp\/v2\/comments?post=16469"}],"version-history":[{"count":1,"href":"https:\/\/new.hotelmaja.it\/fr\/wp-json\/wp\/v2\/pages\/16469\/revisions"}],"predecessor-version":[{"id":16472,"href":"https:\/\/new.hotelmaja.it\/fr\/wp-json\/wp\/v2\/pages\/16469\/revisions\/16472"}],"wp:attachment":[{"href":"https:\/\/new.hotelmaja.it\/fr\/wp-json\/wp\/v2\/media?parent=16469"}],"curies":[{"name":"wp","href":"https:\/\/api.w.org\/{rel}","templated":true}]}}