{"id":16467,"date":"2026-03-30T12:55:22","date_gmt":"2026-03-30T12:55:22","guid":{"rendered":"https:\/\/new.hotelmaja.it\/?page_id=16467"},"modified":"2026-03-30T12:55:22","modified_gmt":"2026-03-30T12:55:22","slug":"animation-2","status":"publish","type":"page","link":"https:\/\/new.hotelmaja.it\/de\/animation-2\/","title":{"rendered":"Animation"},"content":{"rendered":"<div class=\"wpb-content-wrapper\"><p>[vc_row full_width=&#8221;stretch_row&#8221; content_placement=&#8221;middle&#8221; css=&#8221;.vc_custom_1750405171501{margin-bottom: 30px !important;background-color: #E6E6E6 !important;}&#8221;][vc_column width=&#8221;1\/2&#8243; el_class=&#8221;milenia-color&#8211;black&#8221;]<!--================ Section Heading ================-->\n<script>\n    (function($){\n        'use strict';\n\n        if(!$) return;\n\n        $(function(){\n            if(window.appear) {\n                appear({\n                    elements: function(){\n                        return document.querySelectorAll('#vc-milenia-section-heading-41aa1082bd9557026b354a7f8fbacf88-17771112712029103535');\n                    },\n                    appear: function(element) {\n                        var $el = $(element);\n                        $el.addClass('milenia-visible').addClass($el.data('animation'));\n                    },\n                    reappear: false,\n                    bounds: -200\n                });\n            }\n        });\n    })(window.jQuery);\n<\/script>\n<div id=\"vc-milenia-section-heading-41aa1082bd9557026b354a7f8fbacf88-17771112712029103535\" class=\"milenia-section-heading text-left vc_custom_1771840102868 milenia-visible\" data-animation=\"none\">\n    \n    <h2 class=\"milenia-section-title milenia-font--first-accented\" style=\"font-size: 50px;line-height: 43px;text-transform: none;font-style: normal;font-weight: 400;\">Ihr R\u00fcckzugsort f\u00fcr Freude und Spa\u00df, nur einen Katzensprung vom Meer entfernt<\/h2>\n\n    \n<\/div>\n<!--================ End of Section Heading ================-->\n[vc_custom_heading text=&#8221;URLAUB, SPASS UND \u00dcBERRASCHUNGEN: IM HOTEL CITY WIRD IMMER GEFEIERT!&#8221; font_container=&#8221;tag:div|font_size:18px|text_align:left|color:%2333879F|line_height:30px&#8221; google_fonts=&#8221;font_family:Open%20Sans%3A300%2C300italic%2Cregular%2Citalic%2C600%2C600italic%2C700%2C700italic%2C800%2C800italic|font_style:700%20bold%20regular%3A700%3Anormal&#8221; css=&#8221;.vc_custom_1771840113777{margin-bottom: 20px !important;}&#8221;][vc_column_text css=&#8221;&#8221;]<\/p>\n<div class=\"Y3BBE\" data-sfc-cp=\"\" data-hveid=\"CAEIHxAA\" data-processed=\"true\"><strong class=\"Yjhzub\">Das Hotel City in Montesilvano ist genau der richtige Ort f\u00fcr Sie!<\/strong><button class=\"rBl3me\" tabindex=\"0\" data-amic=\"true\" data-icl-uuid=\"f4ca4c7e-4481-4b6d-8164-86817c0d58e5\" aria-label=\"Visualizza link correlati\" data-wiz-attrbind=\"disabled=r4PIPb_50\/C5gNJc;aria-label=r4PIPb_50\/bOjMyf;class=r4PIPb_50\/UpSNec\" data-ved=\"2ahUKEwiIpK_Lpe-SAxXxzwIHHSTqIdgQye0OegYIAQgfEAE\"><\/button><\/div>\n<div class=\"Y3BBE\" data-sfc-cp=\"\" data-hveid=\"CAEIIBAA\" data-processed=\"true\"><strong class=\"Yjhzub\">Bei uns ist jeder Tag ein Konzentrat aus Emotionen und Vergn\u00fcgen.<\/strong><br data-serialized-params=\"[]\" \/>Wir haben an alles gedacht, um Ihren Urlaub besonders zu machen, mit einem\u00a0<strong class=\"Yjhzub\">Animationsprogramm am Strand voller Energie und \u00dcberraschungen<\/strong>.<br data-serialized-params=\"[]\" \/>Lassen Sie sich von morgens bis abends von Sportturnieren am Strand, Gruppenspielen, Paart\u00e4nzen unter dem Sternenhimmel und Aktivit\u00e4ten f\u00fcr die Kleinen mitrei\u00dfen, die jeden Tag fantastische Abenteuer bei\u00a0<strong class=\"Yjhzub\">Baby-Dance, Kreativworkshops und leckeren Snacks<\/strong>\u00a0erleben.<button class=\"rBl3me\" tabindex=\"0\" data-amic=\"true\" data-icl-uuid=\"4c9e9e7a-8741-4dbe-94af-e0b62ddf3edc\" aria-label=\"Visualizza link correlati\" data-wiz-attrbind=\"disabled=r4PIPb_59\/C5gNJc;aria-label=r4PIPb_59\/bOjMyf;class=r4PIPb_59\/UpSNec\" data-ved=\"2ahUKEwiIpK_Lpe-SAxXxzwIHHSTqIdgQye0OegYIAQggEAE\"><\/button><\/div>\n<div class=\"Y3BBE\" data-sfc-cp=\"\" data-hveid=\"CAEIIRAA\" data-processed=\"true\"><strong class=\"Yjhzub\">Machen Sie sich bereit f\u00fcr Spa\u00df, Emotionen und die Entdeckung, wie sch\u00f6n es ist, das Meer mit denjenigen zu erleben, die wissen, wie man gemeinsam feiert.<\/strong><button class=\"rBl3me\" tabindex=\"0\" data-amic=\"true\" data-icl-uuid=\"7d1031b9-ea5a-4268-8859-3e973d93f6e5\" aria-label=\"Visualizza link correlati\" data-wiz-attrbind=\"disabled=r4PIPb_5e\/C5gNJc;aria-label=r4PIPb_5e\/bOjMyf;class=r4PIPb_5e\/UpSNec\" data-ved=\"2ahUKEwiIpK_Lpe-SAxXxzwIHHSTqIdgQye0OegYIAQghEAE\"><\/button><\/div>\n<p>[\/vc_column_text][\/vc_column][vc_column width=&#8221;1\/2&#8243;][vc_single_image image=&#8221;16145&#8243; img_size=&#8221;900X1200&#8243; css=&#8221;&#8221;][\/vc_column][\/vc_row][vc_row css=&#8221;.vc_custom_1742470212259{padding-top: 0px !important;padding-bottom: 30px !important;}&#8221;][vc_column][vc_empty_space height=&#8221;70px&#8221;]<!--================ Section Heading ================-->\n<script>\n    (function($){\n        'use strict';\n\n        if(!$) return;\n\n        $(function(){\n            if(window.appear) {\n                appear({\n                    elements: function(){\n                        return document.querySelectorAll('#vc-milenia-section-heading-27f4b9247e83cc2722d71dcf80d37d05-17771112711319038985');\n                    },\n                    appear: function(element) {\n                        var $el = $(element);\n                        $el.addClass('milenia-visible').addClass($el.data('animation'));\n                    },\n                    reappear: false,\n                    bounds: -200\n                });\n            }\n        });\n    })(window.jQuery);\n<\/script>\n<div id=\"vc-milenia-section-heading-27f4b9247e83cc2722d71dcf80d37d05-17771112711319038985\" class=\"milenia-section-heading text-center vc_custom_1771840139804 milenia-visible\" data-animation=\"none\">\n    \n    <h2 class=\"milenia-section-title milenia-font--first-accented\" style=\"font-size: 50px;line-height: 43px;text-transform: none;font-style: normal;font-weight: 400;\">Nicht verpassen<\/h2>\n\n    \n<\/div>\n<!--================ End of Section Heading ================-->\n[vc_empty_space height=&#8221;20px&#8221;]<!--================ Info Boxes ================-->\n<script>\n    (function($){\n        'use strict';\n\n        if(!$) return;\n\n        $(function(){\n            var $container = $('#vc-milenia-info-boxes-25f590e7f078c7e5afddbe1048a1586c-1777111271136020288'),\n                $dynamicBgElements,\n                $carousels;\n\n            if(!$container.length) return;\n\n            if(window.appear) {\n                appear({\n                    elements: function(){\n                        return document.querySelectorAll('#vc-milenia-info-boxes-25f590e7f078c7e5afddbe1048a1586c-1777111271136020288');\n                    },\n                    appear: function(element) {\n                        var $el = $(element);\n                        $el.addClass('milenia-visible').addClass($el.data('animation'));\n                    },\n                    reappear: false,\n                    bounds: -200\n                });\n            }\n\n            if(window.Milenia && window.Milenia.LinkUnderliner) {\n                window.Milenia.LinkUnderliner.init($container.find('a'));\n            }\n\n            if(window.Milenia && window.Milenia.helpers &&  window.Milenia.helpers.dynamicBgImage) {\n                $dynamicBgElements = $container.find('[data-bg-image-src]');\n                if($dynamicBgElements.length) window.Milenia.helpers.dynamicBgImage($dynamicBgElements);\n            }\n\n            if($.fn.owlCarousel) {\n                $carousels = $container.find('.milenia-simple-slideshow--shortcode');\n\n                if($carousels.length) {\n                    if(window.Milenia && window.Milenia.helpers && window.Milenia.helpers.owlSettings) {\n\n                        $carousels.jQueryImagesLoaded().then(function(){\n                                $carousels.each(function(i,e) {\n                                    $(e).owlCarousel(window.Milenia.helpers.owlSettings({\n                                        margin: 1,\n                                        loop: true,\n                                        autoplay: $(e).hasClass('milenia-simple-slideshow--autoplay')\n                                    }));\n                                });\n                        });\n\n                    }\n                    else {\n                        $carousels.owlCarousel({\n                            items: 1\n                        });\n                    }\n                }\n            }\n        });\n    })(window.jQuery);\n<\/script>\n\n<div id=\"vc-milenia-info-boxes-25f590e7f078c7e5afddbe1048a1586c-1777111271136020288\" class=\"milenia-entities milenia-entities--style-2 milenia-entities--unreverse  milenia-entities--title-reduced milenia-visible\" data-animation=\"none\">\n    <div class=\"milenia-grid milenia-grid--cols-3 milenia-grid--gutters\">\n        <!--================ Info Boxes Item ================-->\n<div class=\"milenia-grid-item\">\n    <article class=\"milenia-entity milenia-entity--scheme-primary\">\n        <div data-bg-image-src=\"\" style=\"background-image: url()\" class=\"milenia-entity-media\"><\/div>\n\n\n        <div class=\"milenia-entity-content milenia-aligner\">\n            <div class=\"milenia-aligner-outer\">\n                <div class=\"milenia-aligner-inner\">\n                    <header class=\"milenia-entity-header\">\n                        \n                        <h2 class=\"milenia-entity-title\">Baby dance<\/h2>\n\n                    <\/header>\n                    <div class=\"milenia-entity-body\"><p>Der Lieblingsmoment der Kinder, in dem sie sich zum Rhythmus der Musik austoben und gemeinsam mit unseren Animateuren tanzen k\u00f6nnen.<\/p>\n<\/div>\n\n                    \n                <\/div>\n            <\/div>\n        <\/div>\n    <\/article>\n<\/div>\n<!--================ End of Info Boxes Item ================-->\n\r\n<!--================ Info Boxes Item ================-->\n<div class=\"milenia-grid-item\">\n    <article class=\"milenia-entity milenia-entity--scheme-primary\">\n        <div data-bg-image-src=\"\" style=\"background-image: url()\" class=\"milenia-entity-media\"><\/div>\n\n\n        <div class=\"milenia-entity-content milenia-aligner\">\n            <div class=\"milenia-aligner-outer\">\n                <div class=\"milenia-aligner-inner\">\n                    <header class=\"milenia-entity-header\">\n                        \n                        <h2 class=\"milenia-entity-title\">Gruppent\u00e4nze<\/h2>\n\n                    <\/header>\n                    <div class=\"milenia-entity-body\"><p>Perfekt f\u00fcr alle, die sich gerne bewegen und in Gesellschaft Spa\u00df haben m\u00f6chten, mit einfachen Choreografien und mitrei\u00dfenden Liedern.<\/p>\n<\/div>\n\n                    \n                <\/div>\n            <\/div>\n        <\/div>\n    <\/article>\n<\/div>\n<!--================ End of Info Boxes Item ================-->\n\r\n<!--================ Info Boxes Item ================-->\n<div class=\"milenia-grid-item\">\n    <article class=\"milenia-entity milenia-entity--scheme-primary\">\n        <div data-bg-image-src=\"\" style=\"background-image: url()\" class=\"milenia-entity-media\"><\/div>\n\n\n        <div class=\"milenia-entity-content milenia-aligner\">\n            <div class=\"milenia-aligner-outer\">\n                <div class=\"milenia-aligner-inner\">\n                    <header class=\"milenia-entity-header\">\n                        \n                        <h2 class=\"milenia-entity-title\">Turniere<\/h2>\n\n                    <\/header>\n                    <div class=\"milenia-entity-body\"><p>Kartenspiele, Beachvolleyball, Boccia und andere spannende Spiele, immer im Zeichen von Sympathie und guter Laune.<\/p>\n<\/div>\n\n                    \n                <\/div>\n            <\/div>\n        <\/div>\n    <\/article>\n<\/div>\n<!--================ End of Info Boxes Item ================-->\n\n    <\/div>\n<\/div>\n<!--================ End of Info Boxes ================-->\n[vc_empty_space height=&#8221;20px&#8221;][\/vc_column][\/vc_row]<\/p>\n<\/div>","protected":false},"excerpt":{"rendered":"<p>[vc_row full_width=&#8221;stretch_row&#8221; content_placement=&#8221;middle&#8221; css=&#8221;.vc_custom_1750405171501{margin-bottom: 30px !important;background-color: #E6E6E6 !important;}&#8221;][vc_column width=&#8221;1\/2&#8243; el_class=&#8221;milenia-color&#8211;black&#8221;][vc_custom_heading text=&#8221;URLAUB, SPASS UND \u00dcBERRASCHUNGEN: IM HOTEL CITY WIRD&#8230;<\/p>\n","protected":false},"author":2,"featured_media":0,"parent":0,"menu_order":0,"comment_status":"closed","ping_status":"closed","template":"","meta":{"footnotes":""},"class_list":["post-16467","page","type-page","status-publish","hentry"],"yoast_head":"<!-- This site is optimized with the Yoast SEO plugin v27.4 - https:\/\/yoast.com\/product\/yoast-seo-wordpress\/ -->\n<title>4-Sterne-Hotel Montesilvano Pescara mit Animation<\/title>\n<meta name=\"description\" content=\"4-Sterne-Hotel Montesilvano Pescara mit Animation: Ein reichhaltiges Animationsprogramm am Tag und am Abend wird Ihre Tage f\u00fcllen!\" \/>\n<meta name=\"robots\" content=\"noindex, follow, max-snippet:-1, max-image-preview:large, max-video-preview:-1\" \/>\n<meta property=\"og:locale\" content=\"de_DE\" \/>\n<meta property=\"og:type\" content=\"article\" \/>\n<meta property=\"og:title\" content=\"4-Sterne-Hotel Montesilvano Pescara mit Animation\" \/>\n<meta property=\"og:description\" content=\"4-Sterne-Hotel Montesilvano Pescara mit Animation: Ein reichhaltiges Animationsprogramm am Tag und am Abend wird Ihre Tage f\u00fcllen!\" \/>\n<meta property=\"og:url\" content=\"https:\/\/new.hotelmaja.it\/de\/animation-2\/\" \/>\n<meta property=\"og:site_name\" content=\"Hotel Maja\" \/>\n<meta property=\"article:publisher\" content=\"https:\/\/www.facebook.com\/HotelCityAbruzzo\" \/>\n<meta name=\"twitter:card\" content=\"summary_large_image\" \/>\n<meta name=\"twitter:label1\" content=\"Gesch\u00e4tzte Lesezeit\" \/>\n\t<meta name=\"twitter:data1\" content=\"2\u00a0Minuten\" \/>\n<script type=\"application\/ld+json\" class=\"yoast-schema-graph\">{\"@context\":\"https:\\\/\\\/schema.org\",\"@graph\":[{\"@type\":\"WebPage\",\"@id\":\"https:\\\/\\\/new.hotelmaja.it\\\/de\\\/animation-2\\\/\",\"url\":\"https:\\\/\\\/new.hotelmaja.it\\\/de\\\/animation-2\\\/\",\"name\":\"4-Sterne-Hotel Montesilvano Pescara mit Animation\",\"isPartOf\":{\"@id\":\"https:\\\/\\\/new.hotelmaja.it\\\/#website\"},\"datePublished\":\"2026-03-30T12:55:22+00:00\",\"description\":\"4-Sterne-Hotel Montesilvano Pescara mit Animation: Ein reichhaltiges Animationsprogramm am Tag und am Abend wird Ihre Tage f\u00fcllen!\",\"breadcrumb\":{\"@id\":\"https:\\\/\\\/new.hotelmaja.it\\\/de\\\/animation-2\\\/#breadcrumb\"},\"inLanguage\":\"de\",\"potentialAction\":[{\"@type\":\"ReadAction\",\"target\":[\"https:\\\/\\\/new.hotelmaja.it\\\/de\\\/animation-2\\\/\"]}]},{\"@type\":\"BreadcrumbList\",\"@id\":\"https:\\\/\\\/new.hotelmaja.it\\\/de\\\/animation-2\\\/#breadcrumb\",\"itemListElement\":[{\"@type\":\"ListItem\",\"position\":1,\"name\":\"Home\",\"item\":\"https:\\\/\\\/new.hotelmaja.it\\\/\"},{\"@type\":\"ListItem\",\"position\":2,\"name\":\"Animation\"}]},{\"@type\":\"WebSite\",\"@id\":\"https:\\\/\\\/new.hotelmaja.it\\\/#website\",\"url\":\"https:\\\/\\\/new.hotelmaja.it\\\/\",\"name\":\"Hotel City\",\"description\":\"La Tua Vacanza in Abruzzo\",\"publisher\":{\"@id\":\"https:\\\/\\\/new.hotelmaja.it\\\/#organization\"},\"potentialAction\":[{\"@type\":\"SearchAction\",\"target\":{\"@type\":\"EntryPoint\",\"urlTemplate\":\"https:\\\/\\\/new.hotelmaja.it\\\/?s={search_term_string}\"},\"query-input\":{\"@type\":\"PropertyValueSpecification\",\"valueRequired\":true,\"valueName\":\"search_term_string\"}}],\"inLanguage\":\"de\"},{\"@type\":\"Organization\",\"@id\":\"https:\\\/\\\/new.hotelmaja.it\\\/#organization\",\"name\":\"Hotel City\",\"url\":\"https:\\\/\\\/new.hotelmaja.it\\\/\",\"logo\":{\"@type\":\"ImageObject\",\"inLanguage\":\"de\",\"@id\":\"https:\\\/\\\/new.hotelmaja.it\\\/#\\\/schema\\\/logo\\\/image\\\/\",\"url\":\"https:\\\/\\\/new.hotelmaja.it\\\/wp-content\\\/uploads\\\/2018\\\/10\\\/logocity-reviews.png\",\"contentUrl\":\"https:\\\/\\\/new.hotelmaja.it\\\/wp-content\\\/uploads\\\/2018\\\/10\\\/logocity-reviews.png\",\"width\":538,\"height\":538,\"caption\":\"Hotel City\"},\"image\":{\"@id\":\"https:\\\/\\\/new.hotelmaja.it\\\/#\\\/schema\\\/logo\\\/image\\\/\"},\"sameAs\":[\"https:\\\/\\\/www.facebook.com\\\/HotelCityAbruzzo\",\"https:\\\/\\\/www.instagram.com\\\/hotelcitymontesilvano\\\/\"]}]}<\/script>\n<!-- \/ Yoast SEO plugin. -->","yoast_head_json":{"title":"4-Sterne-Hotel Montesilvano Pescara mit Animation","description":"4-Sterne-Hotel Montesilvano Pescara mit Animation: Ein reichhaltiges Animationsprogramm am Tag und am Abend wird Ihre Tage f\u00fcllen!","robots":{"index":"noindex","follow":"follow","max-snippet":"max-snippet:-1","max-image-preview":"max-image-preview:large","max-video-preview":"max-video-preview:-1"},"og_locale":"de_DE","og_type":"article","og_title":"4-Sterne-Hotel Montesilvano Pescara mit Animation","og_description":"4-Sterne-Hotel Montesilvano Pescara mit Animation: Ein reichhaltiges Animationsprogramm am Tag und am Abend wird Ihre Tage f\u00fcllen!","og_url":"https:\/\/new.hotelmaja.it\/de\/animation-2\/","og_site_name":"Hotel Maja","article_publisher":"https:\/\/www.facebook.com\/HotelCityAbruzzo","twitter_card":"summary_large_image","twitter_misc":{"Gesch\u00e4tzte Lesezeit":"2\u00a0Minuten"},"schema":{"@context":"https:\/\/schema.org","@graph":[{"@type":"WebPage","@id":"https:\/\/new.hotelmaja.it\/de\/animation-2\/","url":"https:\/\/new.hotelmaja.it\/de\/animation-2\/","name":"4-Sterne-Hotel Montesilvano Pescara mit Animation","isPartOf":{"@id":"https:\/\/new.hotelmaja.it\/#website"},"datePublished":"2026-03-30T12:55:22+00:00","description":"4-Sterne-Hotel Montesilvano Pescara mit Animation: Ein reichhaltiges Animationsprogramm am Tag und am Abend wird Ihre Tage f\u00fcllen!","breadcrumb":{"@id":"https:\/\/new.hotelmaja.it\/de\/animation-2\/#breadcrumb"},"inLanguage":"de","potentialAction":[{"@type":"ReadAction","target":["https:\/\/new.hotelmaja.it\/de\/animation-2\/"]}]},{"@type":"BreadcrumbList","@id":"https:\/\/new.hotelmaja.it\/de\/animation-2\/#breadcrumb","itemListElement":[{"@type":"ListItem","position":1,"name":"Home","item":"https:\/\/new.hotelmaja.it\/"},{"@type":"ListItem","position":2,"name":"Animation"}]},{"@type":"WebSite","@id":"https:\/\/new.hotelmaja.it\/#website","url":"https:\/\/new.hotelmaja.it\/","name":"Hotel City","description":"La Tua Vacanza in Abruzzo","publisher":{"@id":"https:\/\/new.hotelmaja.it\/#organization"},"potentialAction":[{"@type":"SearchAction","target":{"@type":"EntryPoint","urlTemplate":"https:\/\/new.hotelmaja.it\/?s={search_term_string}"},"query-input":{"@type":"PropertyValueSpecification","valueRequired":true,"valueName":"search_term_string"}}],"inLanguage":"de"},{"@type":"Organization","@id":"https:\/\/new.hotelmaja.it\/#organization","name":"Hotel City","url":"https:\/\/new.hotelmaja.it\/","logo":{"@type":"ImageObject","inLanguage":"de","@id":"https:\/\/new.hotelmaja.it\/#\/schema\/logo\/image\/","url":"https:\/\/new.hotelmaja.it\/wp-content\/uploads\/2018\/10\/logocity-reviews.png","contentUrl":"https:\/\/new.hotelmaja.it\/wp-content\/uploads\/2018\/10\/logocity-reviews.png","width":538,"height":538,"caption":"Hotel City"},"image":{"@id":"https:\/\/new.hotelmaja.it\/#\/schema\/logo\/image\/"},"sameAs":["https:\/\/www.facebook.com\/HotelCityAbruzzo","https:\/\/www.instagram.com\/hotelcitymontesilvano\/"]}]}},"_links":{"self":[{"href":"https:\/\/new.hotelmaja.it\/de\/wp-json\/wp\/v2\/pages\/16467","targetHints":{"allow":["GET"]}}],"collection":[{"href":"https:\/\/new.hotelmaja.it\/de\/wp-json\/wp\/v2\/pages"}],"about":[{"href":"https:\/\/new.hotelmaja.it\/de\/wp-json\/wp\/v2\/types\/page"}],"author":[{"embeddable":true,"href":"https:\/\/new.hotelmaja.it\/de\/wp-json\/wp\/v2\/users\/2"}],"replies":[{"embeddable":true,"href":"https:\/\/new.hotelmaja.it\/de\/wp-json\/wp\/v2\/comments?post=16467"}],"version-history":[{"count":1,"href":"https:\/\/new.hotelmaja.it\/de\/wp-json\/wp\/v2\/pages\/16467\/revisions"}],"predecessor-version":[{"id":16470,"href":"https:\/\/new.hotelmaja.it\/de\/wp-json\/wp\/v2\/pages\/16467\/revisions\/16470"}],"wp:attachment":[{"href":"https:\/\/new.hotelmaja.it\/de\/wp-json\/wp\/v2\/media?parent=16467"}],"curies":[{"name":"wp","href":"https:\/\/api.w.org\/{rel}","templated":true}]}}